{"id":3752,"date":"2023-04-17T12:17:22","date_gmt":"2023-04-17T10:17:22","guid":{"rendered":"https:\/\/www.opinea.com\/recrutement\/"},"modified":"2023-05-12T16:19:42","modified_gmt":"2023-05-12T14:19:42","slug":"su-carrera-en-opinea","status":"publish","type":"page","link":"https:\/\/www.opinea.com\/es\/su-carrera-en-opinea\/","title":{"rendered":"Su carrera en opinea"},"content":{"rendered":"\n<h2 class=\"wp-block-heading\">SU CARRERA EN OPINEA<\/h2>\n\n\n\n<p>\u00bfEs profesional en estudios de marketing o desea entregarse de lleno a esta profesi\u00f3n apasionante al m\u00e1s alto nivel de actualidad? \u00bfDesea adquirir una primera experiencia en el campo de los estudios de marketing? \u00bfEs encuestador experimentado y desea colaborar con nosotros en el marco de nuestros proyectos? Entonces env\u00edenos su candidatura.<\/p>\n\n\n\n<ul>\n<li><strong>Consultores y responsable de estudios.<\/strong> Si desea entregarse de lleno a una profesi\u00f3n al m\u00e1s alto nivel de la actualidad del marketing, convertirse en un experto en un campo de actividad e integrar una empresa din\u00e1mica y reconocida por su buena gesti\u00f3n, <a href=\"https:\/\/www.opinea.com\/es\/contacto\/\"><strong>\u00a1Env\u00edenos su candidatura!<\/strong><\/a><\/li>\n<\/ul>\n\n\n\n<ul>\n<li><strong>Pr\u00e1cticas: \u00a1Dele sentido a sus primeras experiencias!<\/strong> Si es estudiante de marketing, apasionado(a) por las problem\u00e1ticas de publicidad, gesti\u00f3n de marca, comportamiento de los consumidores, etc.; si est\u00e1 buscando unas pr\u00e1cticas profesionales que brinden formaci\u00f3n y responsabilidad en pleno centro de las problem\u00e1ticas de marketing, <a href=\"https:\/\/www.opinea.com\/es\/contacto\/\"><strong>\u00a1Env\u00edenos su candidatura!<\/strong><\/a><\/li>\n<\/ul>\n\n\n\n<ul>\n<li><strong>Encuestadores cara a cara.<\/strong> Si es encuestador(a) experimentado(a) y desea integrar nuestra red, d\u00e9jenos sus datos mediante este <a href=\"https:\/\/www.opinea.com\/es\/contacto\/\">formulario de contacto<\/a>. Una confirmaci\u00f3n de la toma en consideraci\u00f3n de su solicitud le ser\u00e1 enviada lo m\u00e1s r\u00e1pido posible.<\/li>\n<\/ul>\n","protected":false},"excerpt":{"rendered":"<p>SU CARRERA EN OPINEA \u00bfEs profesional en estudios de marketing o desea entregarse de lleno a esta profesi\u00f3n apasionante al m\u00e1s alto nivel de actualidad? \u00bfDesea adquirir una primera experiencia en el campo de los estudios de marketing? \u00bfEs encuestador experimentado y desea colaborar con nosotros en el marco de nuestros proyectos? Entonces env\u00edenos su [&hellip;]<\/p>\n","protected":false},"author":1,"featured_media":0,"parent":0,"menu_order":0,"comment_status":"closed","ping_status":"closed","template":"","meta":{"footnotes":""},"acf":[],"yoast_head":"<!-- This site is optimized with the Yoast SEO plugin v21.9.1 - https:\/\/yoast.com\/wordpress\/plugins\/seo\/ -->\r\n<title>Su carrera en opinea - Opinea<\/title>\r\n<meta name=\"robots\" content=\"index, follow, max-snippet:-1, max-image-preview:large, max-video-preview:-1\" \/>\r\n<link rel=\"canonical\" href=\"https:\/\/www.opinea.com\/es\/su-carrera-en-opinea\/\" \/>\r\n<meta property=\"og:locale\" content=\"es_ES\" \/>\r\n<meta property=\"og:type\" content=\"article\" \/>\r\n<meta property=\"og:title\" content=\"Su carrera en opinea - Opinea\" \/>\r\n<meta property=\"og:description\" content=\"SU CARRERA EN OPINEA \u00bfEs profesional en estudios de marketing o desea entregarse de lleno a esta profesi\u00f3n apasionante al m\u00e1s alto nivel de actualidad? \u00bfDesea adquirir una primera experiencia en el campo de los estudios de marketing? \u00bfEs encuestador experimentado y desea colaborar con nosotros en el marco de nuestros proyectos? Entonces env\u00edenos su [&hellip;]\" \/>\r\n<meta property=\"og:url\" content=\"https:\/\/www.opinea.com\/es\/su-carrera-en-opinea\/\" \/>\r\n<meta property=\"og:site_name\" content=\"Opinea\" \/>\r\n<meta property=\"article:modified_time\" content=\"2023-05-12T14:19:42+00:00\" \/>\r\n<meta name=\"twitter:card\" content=\"summary_large_image\" \/>\r\n<meta name=\"twitter:label1\" content=\"Tiempo de lectura\" \/>\n\t<meta name=\"twitter:data1\" content=\"1 minuto\" \/>\r\n<script type=\"application\/ld+json\" class=\"yoast-schema-graph\">{\"@context\":\"https:\/\/schema.org\",\"@graph\":[{\"@type\":\"WebPage\",\"@id\":\"https:\/\/www.opinea.com\/es\/su-carrera-en-opinea\/\",\"url\":\"https:\/\/www.opinea.com\/es\/su-carrera-en-opinea\/\",\"name\":\"Su carrera en opinea - Opinea\",\"isPartOf\":{\"@id\":\"https:\/\/www.opinea.com\/es\/#website\"},\"datePublished\":\"2023-04-17T10:17:22+00:00\",\"dateModified\":\"2023-05-12T14:19:42+00:00\",\"breadcrumb\":{\"@id\":\"https:\/\/www.opinea.com\/es\/su-carrera-en-opinea\/#breadcrumb\"},\"inLanguage\":\"es\",\"potentialAction\":[{\"@type\":\"ReadAction\",\"target\":[\"https:\/\/www.opinea.com\/es\/su-carrera-en-opinea\/\"]}]},{\"@type\":\"BreadcrumbList\",\"@id\":\"https:\/\/www.opinea.com\/es\/su-carrera-en-opinea\/#breadcrumb\",\"itemListElement\":[{\"@type\":\"ListItem\",\"position\":1,\"name\":\"Inicio\",\"item\":\"https:\/\/www.opinea.com\/es\/\"},{\"@type\":\"ListItem\",\"position\":2,\"name\":\"Su carrera en opinea\"}]},{\"@type\":\"WebSite\",\"@id\":\"https:\/\/www.opinea.com\/es\/#website\",\"url\":\"https:\/\/www.opinea.com\/es\/\",\"name\":\"Opin\u00e9a\",\"description\":\"Institut d\u2019\u00e9tudes marketing\",\"publisher\":{\"@id\":\"https:\/\/www.opinea.com\/es\/#organization\"},\"potentialAction\":[{\"@type\":\"SearchAction\",\"target\":{\"@type\":\"EntryPoint\",\"urlTemplate\":\"https:\/\/www.opinea.com\/es\/?s={search_term_string}\"},\"query-input\":\"required name=search_term_string\"}],\"inLanguage\":\"es\"},{\"@type\":\"Organization\",\"@id\":\"https:\/\/www.opinea.com\/es\/#organization\",\"name\":\"Opin\u00e9a\",\"url\":\"https:\/\/www.opinea.com\/es\/\",\"logo\":{\"@type\":\"ImageObject\",\"inLanguage\":\"es\",\"@id\":\"https:\/\/www.opinea.com\/es\/#\/schema\/logo\/image\/\",\"url\":\"\",\"contentUrl\":\"\",\"caption\":\"Opin\u00e9a\"},\"image\":{\"@id\":\"https:\/\/www.opinea.com\/es\/#\/schema\/logo\/image\/\"},\"sameAs\":[\"https:\/\/fr.linkedin.com\/company\/opinea\"]}]}<\/script>\r\n<!-- \/ Yoast SEO plugin. -->","yoast_head_json":{"title":"Su carrera en opinea - Opinea","robots":{"index":"index","follow":"follow","max-snippet":"max-snippet:-1","max-image-preview":"max-image-preview:large","max-video-preview":"max-video-preview:-1"},"canonical":"https:\/\/www.opinea.com\/es\/su-carrera-en-opinea\/","og_locale":"es_ES","og_type":"article","og_title":"Su carrera en opinea - Opinea","og_description":"SU CARRERA EN OPINEA \u00bfEs profesional en estudios de marketing o desea entregarse de lleno a esta profesi\u00f3n apasionante al m\u00e1s alto nivel de actualidad? \u00bfDesea adquirir una primera experiencia en el campo de los estudios de marketing? \u00bfEs encuestador experimentado y desea colaborar con nosotros en el marco de nuestros proyectos? Entonces env\u00edenos su [&hellip;]","og_url":"https:\/\/www.opinea.com\/es\/su-carrera-en-opinea\/","og_site_name":"Opinea","article_modified_time":"2023-05-12T14:19:42+00:00","twitter_card":"summary_large_image","twitter_misc":{"Tiempo de lectura":"1 minuto"},"schema":{"@context":"https:\/\/schema.org","@graph":[{"@type":"WebPage","@id":"https:\/\/www.opinea.com\/es\/su-carrera-en-opinea\/","url":"https:\/\/www.opinea.com\/es\/su-carrera-en-opinea\/","name":"Su carrera en opinea - Opinea","isPartOf":{"@id":"https:\/\/www.opinea.com\/es\/#website"},"datePublished":"2023-04-17T10:17:22+00:00","dateModified":"2023-05-12T14:19:42+00:00","breadcrumb":{"@id":"https:\/\/www.opinea.com\/es\/su-carrera-en-opinea\/#breadcrumb"},"inLanguage":"es","potentialAction":[{"@type":"ReadAction","target":["https:\/\/www.opinea.com\/es\/su-carrera-en-opinea\/"]}]},{"@type":"BreadcrumbList","@id":"https:\/\/www.opinea.com\/es\/su-carrera-en-opinea\/#breadcrumb","itemListElement":[{"@type":"ListItem","position":1,"name":"Inicio","item":"https:\/\/www.opinea.com\/es\/"},{"@type":"ListItem","position":2,"name":"Su carrera en opinea"}]},{"@type":"WebSite","@id":"https:\/\/www.opinea.com\/es\/#website","url":"https:\/\/www.opinea.com\/es\/","name":"Opin\u00e9a","description":"Institut d\u2019\u00e9tudes marketing","publisher":{"@id":"https:\/\/www.opinea.com\/es\/#organization"},"potentialAction":[{"@type":"SearchAction","target":{"@type":"EntryPoint","urlTemplate":"https:\/\/www.opinea.com\/es\/?s={search_term_string}"},"query-input":"required name=search_term_string"}],"inLanguage":"es"},{"@type":"Organization","@id":"https:\/\/www.opinea.com\/es\/#organization","name":"Opin\u00e9a","url":"https:\/\/www.opinea.com\/es\/","logo":{"@type":"ImageObject","inLanguage":"es","@id":"https:\/\/www.opinea.com\/es\/#\/schema\/logo\/image\/","url":"","contentUrl":"","caption":"Opin\u00e9a"},"image":{"@id":"https:\/\/www.opinea.com\/es\/#\/schema\/logo\/image\/"},"sameAs":["https:\/\/fr.linkedin.com\/company\/opinea"]}]}},"_links":{"self":[{"href":"https:\/\/www.opinea.com\/es\/wp-json\/wp\/v2\/pages\/3752"}],"collection":[{"href":"https:\/\/www.opinea.com\/es\/wp-json\/wp\/v2\/pages"}],"about":[{"href":"https:\/\/www.opinea.com\/es\/wp-json\/wp\/v2\/types\/page"}],"author":[{"embeddable":true,"href":"https:\/\/www.opinea.com\/es\/wp-json\/wp\/v2\/users\/1"}],"replies":[{"embeddable":true,"href":"https:\/\/www.opinea.com\/es\/wp-json\/wp\/v2\/comments?post=3752"}],"version-history":[{"count":1,"href":"https:\/\/www.opinea.com\/es\/wp-json\/wp\/v2\/pages\/3752\/revisions"}],"predecessor-version":[{"id":3753,"href":"https:\/\/www.opinea.com\/es\/wp-json\/wp\/v2\/pages\/3752\/revisions\/3753"}],"wp:attachment":[{"href":"https:\/\/www.opinea.com\/es\/wp-json\/wp\/v2\/media?parent=3752"}],"curies":[{"name":"wp","href":"https:\/\/api.w.org\/{rel}","templated":true}]}}